{"id":25023,"date":"2022-09-09T13:23:31","date_gmt":"2022-09-09T11:23:31","guid":{"rendered":"https:\/\/www.schelke-fotografie.de\/page\/?page_id=25023"},"modified":"2022-09-09T13:55:30","modified_gmt":"2022-09-09T11:55:30","slug":"agb","status":"publish","type":"page","link":"https:\/\/www.schelke-fotografie.de\/page\/agb\/","title":{"rendered":"AGB"},"content":{"rendered":"<p>[vc_row type=&#8220;vc_default&#8220; full_width=&#8220;stretch_row&#8220; content_placement=&#8220;middle&#8220; parallax=&#8220;content-moving-fade&#8220; parallax_image=&#8220;3641&#8243; parallax_speed_bg=&#8220;6&#8243; el_class=&#8220;pad_t100 pad_b100&#8243;][vc_column][vc_column_text el_class=&#8220;reklame1 weiss&#8220;]Allgemeine Gesch\u00e4ftsbedingungen (AGB)[\/vc_column_text][\/vc_column][\/vc_row][vc_row type=&#8220;vc_default&#8220; equal_height=&#8220;yes&#8220; margin_bottom=&#8220;160&#8243; el_class=&#8220;pad_b10&#8243;][vc_column width=&#8220;2\/3&#8243;][vc_column_text]<\/p>\n<h1>AGB\u00b4s Hochzeitsfotogafie &#8211; Schelke Fotografie<\/h1>\n<p>&nbsp;<\/p>\n<h2><\/h2>\n<h2>1. Geltungsbereich<\/h2>\n<p>&nbsp;<\/p>\n<p>1.1. F\u00fcr alle Gesch\u00e4ftsbeziehungen zwischen den Parteien gelten ausschlie\u00dflich die nachfolgenden AGB. Entgegenstehende Gesch\u00e4ftsbedingungen des jeweiligen Kunden, im Folgenden: Auftraggeber, gelten nicht, es sei denn die Fotografin Schelke Bonnetsm\u00fcller, im Folgenden: Auftragnehmer, hat deren Geltung ausdr\u00fccklich zugestimmt.<\/p>\n<p>1.2. \u201eFotos\u201c im Sinne dieser AGB sind alle von dem Auftragnehmer hergestellten digitalen Produkte, egal in welcher technischen Form oder in welchem Medium sie erstellt wurden oder vorliegen. Eingeschlossen sind insbesondere Negative, gedruckte oder belichtete Papierbilder, gedruckte oder belichtete Bilder in Fotob\u00fcchern und Hochzeitsalben, digitale Bilder in Onlinegalerien oder auf sonstigen Datentr\u00e4gern gespeicherte Bilder und Videos.<\/p>\n<p>&nbsp;<\/p>\n<h2>2. Vertragsschluss<\/h2>\n<p>&nbsp;<\/p>\n<p>2.1. Der Vertragsschluss zwischen den Parteien kommt nach der folgenden Ma\u00dfgabe zustande:<\/p>\n<p>2.2. Der Auftraggeber hat die M\u00f6glichkeit, die Anfertigung von Fotos durch den Auftragnehmer telefonisch oder per E-Mail \u00fcber die im Impressum der Internetseite des Auftragnehmers oder \u00fcber das entsprechende Kontaktformular anzufragen. Mit einer Anfrage gibt der Auftraggeber noch kein verbindliches Angebot zum Vertragsschluss ab.<\/p>\n<p>2.3. Auf Anfrage des Auftraggebers gibt der Auftragnehmer telefonisch oder per E-Mail ein Angebot \u00fcber die Beauftragung der Anfertigung der Fotos ab. Dieses Angebot des Auftragnehmers ist rechtsverbindlich. Vorbehaltlich einer Annahme des Angebots durch den Auftraggeber hat das Angebot eine G\u00fcltigkeitsdauer von zehn Werktagen. Nach Ablauf dieser Frist erlischt das Angebot.<\/p>\n<p>2.4. Der Auftraggeber hat die M\u00f6glichkeit, das Angebot innerhalb der vorbezeichneten Frist von zehn Werktagen anzunehmen. Die Annahme erfolgt telefonisch, schriftlich oder per E-Mail. Mit der Annahme des Angebots durch den Auftraggeber kommt zwischen den Parteien ein verbindliches Vertragsverh\u00e4ltnis \u00fcber die Anfertigung der Fotos zustande.<\/p>\n<p>2.5. Nimmt der Auftraggeber das Angebot nach Ablauf der Frist aus 2.3 an, handelt es sich dabei um ein erneutes Angebot, welches der Auftragnehmer durch ausdr\u00fcckliche Erkl\u00e4rung annehmen kann. Einer Annahmeerkl\u00e4rung steht gleich, wenn der Auftragnehmer eine Auftragsbest\u00e4tigung oder eine Vorschussrechnung \u00fcbersendet.<\/p>\n<p>&nbsp;<\/p>\n<h2>3. Pflichten des Auftraggebers<\/h2>\n<p>&nbsp;<\/p>\n<p>3.1. Der Auftraggeber hat daf\u00fcr Sorge zu tragen, dass dem Fotograf alle f\u00fcr die Ausf\u00fchrung des Auftrags erforderlichen Informationen rechtzeitig vorliegen (Wegbeschreibungen, Sonderw\u00fcnsche, etc.).<\/p>\n<p>3.2. Der Auftraggeber stellt sicher, dass an den jeweiligen Standorten das Fotografieren erlaubt ist. Durch Fotografierverbote gegebenenfalls entstehende Wartezeiten des Auftragnehmers z\u00e4hlen als Arbeitszeit.<\/p>\n<p>3.3. Der Auftraggeber wird darauf hingewiesen, dass Fotos stets dem k\u00fcnstlerischen Gestaltungsspielraum des aus\u00fcbenden Fotografen unterliegen. Reklamationen und\/oder M\u00e4ngelr\u00fcgen hinsichtlich des seitens des Auftragnehmers ausge\u00fcbten k\u00fcnstlerischen Gestaltungsspielraums, des Aufnahmeortes und der verwendeten optischen und technischen Mittel der Fotografie sind daher ausgeschlossen. Nachtr\u00e4gliche \u00c4nderungsw\u00fcnsche des Auftraggebers bed\u00fcrfen einer gesonderten Vereinbarung und Beauftargung und sind gesondert zu verg\u00fcten.<\/p>\n<p>3.4. Sofern die mietweise Bereitstellung einer Fotobox (Photobooth o.\u00e4.) vereinbart wurde verpflichtet sich der Auftraggeber gegen\u00fcber dem Auftragnehmer diese nur im Rahmen des bestimmungsgem\u00e4\u00dfen Gebrauchs zu nutzen oder durch Dritte nutzen zu lassen. Bei Sch\u00e4den durch unsachgem\u00e4\u00dfen Gebrauch haftet der Auftraggeber.<\/p>\n<p>3.5. Der Auftraggeber tr\u00e4gt das Risiko f\u00fcr alle Umst\u00e4nde, die von dem Fotografen nicht zu vertreten sind; u. a. Witterungszulagen bei Au\u00dfenaufnahmen, rechtzeitiges Bereitstellen von Produkten, Pr\u00e4senz der Requisiten, soweit die Beschaffung dem Auftraggeber obliegt, Reisesperren, Nichterscheinen von angek\u00fcndigten Bevollm\u00e4chtigten der Auftraggeber sowie h\u00f6here Gewalt.<\/p>\n<p>&nbsp;<\/p>\n<h2>4. Pflichten des Auftragnehmers<\/h2>\n<p>&nbsp;<\/p>\n<p>4.1. Der Auftragnehmer schuldet die angebotenen Leistungen pers\u00f6nlich. Subunternehmer werden nicht besch\u00e4ftigt. Der Auftragnehmer wird als Einzelfotograf ohne Mitarbeiter t\u00e4tig. Nach Absprache wird eine Fotoassistenz mit eingesetzt.<\/p>\n<p>4.2. Der Auftragnehmer fotografiert im Rahmen der Hochzeitsveranstaltung des Auftraggebers im vertraglich vereinbarten Umfang. Der Auftraggeber kann an diesem Tag nach Absprache weitere Stunden in Auftrag geben.<\/p>\n<p>4.3. Der Auftragnehmer schuldet die Anfertigung der Fotos in einem g\u00e4ngigen Dateiformat (z.B. jpeg). Der Auftraggeber hat keinen Anspruch auf Herausgabe von Dateien im RAW Format.<\/p>\n<p>4.4. Der Auftragnehmer \u00fcbergibt dem Auftraggeber binnen sechs Wochen nach dem Foto-termin die Fotos. F\u00fcr besonders aufw\u00e4ndige Zusatzprodukte (z.B. Hochzeitsalben) wird ein gesonderter \u00dcbergabetermin nach individuellem Aufwand vereinbart.<\/p>\n<p>&nbsp;<\/p>\n<h2>5. Verg\u00fctung und Auslagen<\/h2>\n<p>&nbsp;<\/p>\n<p>5.1. \u00dcberschreitet die tats\u00e4chliche Arbeitszeit den vereinbarten Abrechnungszeitraum wird der zus\u00e4tzliche Zeitaufwand je halbe angefangene Stunde abgerechnet.<\/p>\n<p>5.2. Bei Vertragsschluss wird eine erste Zahlung in H\u00f6he von 50% des Gesamtpreises be-rechnet, die innerhalb von 10 Tagen vom Zeitpunkt des Vertragsschlusses f\u00e4llig wird. Insoweit ist der Auftraggeber zur Vorauszahlung verpflichtet. Ma\u00dfgeblich f\u00fcr die fristgerechte Zahlung ist der Eingang des Betrags auf nachfolgendem Konto des Auftragnehmers: Schelke Bonnetsm\u00fcller, Stadtsparkasse M\u00fcnchen, IBAN: DE40 7015 0000 100 520 9091 BIC: SSKMDEMMXXX<\/p>\n<p>5.3. Geht diese Zahlung nicht fristgerecht ein, wird der Auftragnehmer die Zahlung unter angemessener Fristsetzung anmahnen. Verstreicht auch diese Frist, ist der Auftragnehmer zur Verweigerung der vertraglich geschuldeten Leitungen berechtigt. Gesetzliche R\u00fccktrittsrechte, bzw. die Geltendmachung von Schadensersatzanspr\u00fcchen bleiben hiervon unber\u00fchrt.<\/p>\n<p>5.4. Die Zahlung der verbleibenden Verg\u00fctung wird auf Rechnungstellung durch den Auf-tragnehmer innerhalb von 10 Tagen nach Rechnungstellung, jedoch nicht vor der \u00dcbergabe der Fotos durch den Auftragnehmer an den Auftraggeber f\u00e4llig.<\/p>\n<p>5.5. An- und Abreisen des Auftragnehmers erfolgt jeweils von M\u00fcnchen aus. Die Anfahrt im Umkreis von 10 km von M\u00fcnchen wird, soweit vertraglich nicht anders vereinbart, mit pauschal 20 \u20ac berechnet. \u00dcbersteigt die An- und Abreise den zuvor vereinbarten Umfang werden \u00fcber vorstehende Differenz hinaus folgende Reisekosten berechnet: je gefahrenem km 0,80 EUR. Bei Anreise mit der Bahn oder dem Flugzeug sowie bei erforderlicher \u00dcbernachtung werden die tats\u00e4chlich entstehenden Kosten und Spesen f\u00fcr die \u00dcbernachtung in Rechnung gestellt.<\/p>\n<p>5.6. Sofern vereinbart, wird vom Kunden ein Einzelzimmer in der N\u00e4he des Hochzeitsortes zur Verf\u00fcgung gestellt. Zur Sicherstellung einer p\u00fcnktlichen Anwesenheit bei Hochzeitsterminen sind in der Regel zwei \u00dcbernachtungen erforderlich.<\/p>\n<p>5.7. Durch den Auftrag anfallende sonstige Kosten wie Materialkosten, Parkgeb\u00fchren, Porto und Verpackung sind nicht im Honorar enthalten und gehen zu Lasten des Auftraggebers. Essen und Getr\u00e4nke w\u00e4hrend der Reportage werden dem Auftraggeber unentgeltlich in angemessenem Umfang zur Verf\u00fcgung gestellt.<\/p>\n<p>&nbsp;<\/p>\n<h2>6. Auftrags\u00e4nderungen, \u2013erweiterungen und -k\u00fcndigung<\/h2>\n<p>&nbsp;<\/p>\n<p>6.1. Im Falle einer K\u00fcndigung aufgrund der Aus\u00fcbung gesetzlicher K\u00fcndigungsrechte durch eine der Parteien gelten die nachfolgenden Bestimmungen.<\/p>\n<p>6.2. Der Auftragnehmer ist berechtigt, im Falle einer K\u00fcndigung durch den Auftraggeber gegen diesen einen Schadensersatzanspruch in H\u00f6he der unter Ziffer 5.2 dieser Vereinbarung bezifferten Anteile an der vereinbarten Verg\u00fctung geltend zu machen, es sei denn, der Auftraggeber weist nach, dass dem Auftragnehmer ein geringerer Schaden, oder gar kein Schaden entstanden ist oder dieser die K\u00fcndigung zu vertreten hat.<\/p>\n<p>6.3. Kann der Auftragnehmer wegen Krankheit oder eines Umstandes, den dieser zu ver-schulden hat den Auftrag nicht durchf\u00fchren, wird dem Auftraggeber die Anzahlung erstattet.<\/p>\n<p>6.4. Das Recht des Verbrauchers zum Widerruf bleibt hiervon unber\u00fchrt.<\/p>\n<p>&nbsp;<\/p>\n<h2>7. Eigentumsvorbehalt, Nutzungs- und Urheberrechte<\/h2>\n<p>&nbsp;<\/p>\n<p>7.1. Bis zur vollst\u00e4ndigen Bezahlung der vereinbarten Verg\u00fctung verbleiben die Fotos im Eigentum des Auftragnehmers.<\/p>\n<p>7.2. Der Auftraggeber erwirbt an den Fotos einfache Nutzungsrechte f\u00fcr den Privatgebrauch. Das Recht der Vervielf\u00e4ltigung und der Weitergabe an Dritte wird f\u00fcr private Zwecke einger\u00e4umt. Eine Nutzung der Fotos f\u00fcr kommerzielle Zwecke oder eine Nutzungs\u00fcbertragung an Dritte ist nur durch die ausdr\u00fcckliche Zustimmung der Fotografin mit Zahlung eines entsprechenden Honorars gestattet. Die Nutzungsrechte gehen erst nach vollst\u00e4ndiger Bezahlung der Verg\u00fctung \u00fcber.<\/p>\n<p>7.3. Der Auftragnehmer trifft die Auswahl der Fotos. Der Auftraggeber hat keinen Anspruch alle Fotos zu erhalten.<\/p>\n<p>7.4. Der Auftragnehmer darf die Fotos, auf denen ausschlie\u00dflich die Auftraggeber abgebildet sind oder es sich um Bilder handelt auf denen Personen nicht eindeutig zuzuordnen sind, im Rahmen der Eigenwerbung und publizistisch zur Illustration verwenden (z.B. f\u00fcr Ausstellungen, Messen, Homepage, Blog, Fachmagazine f\u00fcr Fotografie oder Hochzeiten etc.).<\/p>\n<p>7.5. Andere Dienstleister wie z.B. Visagisten, Dekorateure, Hochzeitsplaner, etc. d\u00fcrfen Fotos nur nach Freigabe durch den mit Auftragnehmer verwenden.<\/p>\n<p>&nbsp;<\/p>\n<h2>8. Haftung<\/h2>\n<p>&nbsp;<\/p>\n<p>8.1. Der Auftragnehmer haftet in allen F\u00e4llen vertraglicher und au\u00dfervertraglicher Haftung bei Vorsatz und grober Fahrl\u00e4ssigkeit nach Ma\u00dfgabe der gesetzlichen Bestimmungen.<\/p>\n<p>8.2. In sonstigen F\u00e4llen haftet der Auftragnehmer \u2013 soweit in Ziffer 8.3 dieser AGB nicht abweichend geregelt \u2013 nur bei Verletzung einer Vertragspflicht, deren Erf\u00fcllung die ordnungsgem\u00e4\u00dfe Durchf\u00fchrung des Vertrags \u00fcberhaupt erst erm\u00f6glicht und auf deren<br \/>\nEinhaltung der Kunde daher regelm\u00e4\u00dfig vertrauen darf (so genannte Kardinalpflicht). In allen \u00fcbrigen F\u00e4llen ist die Haftung des Auftragnehmers vorbehaltlich der Regelung in Ziffer 8.3 dieser AGB ausgeschlossen.<\/p>\n<p>8.3. Soweit der Auftragnehmer gem\u00e4\u00df Ziffer 8.1 dieser AGB dem Grunde nach haftet, ist diese Haftung auf Sch\u00e4den begrenzt, die dieser bei Vertragsschluss als m\u00f6gliche Folge einer Vertragsverletzung vorausgesehen hat oder bei Anwendung verkehrs\u00fcblicher Sorgfalt h\u00e4tte voraussehen m\u00fcssen. Mittelbare Sch\u00e4den und Folgesch\u00e4den, die Folge von M\u00e4ngeln des Leistungsgegenstands sind, sind au\u00dferdem nur ersatzf\u00e4hig, soweit solche Sch\u00e4den bei bestimmungsgem\u00e4\u00dfer Verwendung des Leistungsgegenstands typischerweise zu erwarten sind.<\/p>\n<p>8.4. Die Haftung des Auftragnehmers f\u00fcr Sch\u00e4den aus der Verletzung des Lebens, des K\u00f6r-pers oder der Gesundheit und nach dem Produkthaftungsgesetz bleibt von vorstehenden Ziffern 8.1 bis 8.3 dieser AGB ausgeschlossen.<\/p>\n<p>8.5. Die verschuldensunabh\u00e4ngige Haftung auf Schadensersatz f\u00fcr anf\u00e4ngliche M\u00e4ngel ge-m\u00e4\u00df \u00a7 536a Abs. 1 BGB ist ausgeschlossen.<\/p>\n<p>&nbsp;<\/p>\n<h2>9. Aufrechnung, Zur\u00fcckbehaltungsrechte und Abtretung<\/h2>\n<p>&nbsp;<\/p>\n<p>9.1. Der Auftraggeber ist zur Aufrechnung nur gegen rechtskr\u00e4ftig festgestellte oder unbe-strittene Forderungen gegen den Auftragnehmer berechtigt. Gleiches gilt f\u00fcr die Gel-tendmachung von Zur\u00fcckbehaltungsrechten.<\/p>\n<p>9.2. Die Abtretung von Anspr\u00fcchen gegen den Auftragnehmer an Dritte ist nur mit dessen schriftlicher Zustimmung m\u00f6glich.<\/p>\n<p>&nbsp;<\/p>\n<h2>10. Datenschutrechtliche Informationspflichten des Auftraggebers<\/h2>\n<p>&nbsp;<\/p>\n<p>10.1. Der Auftragnehmer h\u00e4ndigt dem Auftraggeber bei Vertragsschluss ein Informationsblatt \u00fcber die Erhebung von personenbezogenen Daten im Rahmen des Vertragsverh\u00e4ltnisses aus.<\/p>\n<p>10.2. Der Auftraggeber verpflichtet sich gegen\u00fcber dem Auftragnehmer, diese Informationen allen weiteren Dritten zug\u00e4nglich zu machen, sofern diese mit der Leistung des Auftraggebers in Ber\u00fchrung kommen.<\/p>\n<p>10.3. Der Auftragnehmer wird dazu gegebenenfalls auftretende R\u00fcckfragen beantworten. Er wird dar\u00fcber hinaus gedruckte Ausfertigungen des Informationsblattes im Rahmen der Veranstaltung vorhalten, um sie auf Anfrage Dritten zur Verf\u00fcgung zu stellen.<\/p>\n<p>&nbsp;<\/p>\n<h2>11. Textform<\/h2>\n<p>&nbsp;<\/p>\n<p>11.1. Erg\u00e4nzungen und Ab\u00e4nderungen der getroffenen Vereinbarungen zwischen den Parteien einschlie\u00dflich dieser AGB bed\u00fcrfen zu ihrer Wirksamkeit der Textform. Der Vorrang von Individualvereinbarungen bleibt hiervon unber\u00fchrt.<\/p>\n<p>&nbsp;<\/p>\n<h2>12. Anzuwendendes Recht<\/h2>\n<p>&nbsp;<\/p>\n<p>12.1. Es gilt deutsches Recht. Bei Verbrauchern gilt diese Rechtswahl nur, soweit hierdurch der durch zwingende Bestimmungen des Rechts des Staates des gew\u00f6hnlichen Aufenthaltes des Verbrauchers gew\u00e4hrte Schutz nicht entzogen wird (G\u00fcnstigkeitsprinzip).<\/p>\n<p>12.2. Erf\u00fcllungsort f\u00fcr alle Leistungen aus den zwischen den Parteien bestehenden<br \/>\nGesch\u00e4ftsbeziehungen ist M\u00fcnchen. Der Gerichtsstand ist M\u00fcnchen, soweit der Auftraggeber nicht Verbraucher ist. Dasselbe gilt, wenn der Auftraggeber keinen allgemeinen Gerichtsstand in Deutschland oder der EU hat oder der Wohnsitz oder gew\u00f6hnliche Aufenthalt im Zeitpunkt der Klageerhebung nicht bekannt ist. Die Befugnis, auch das Gericht an einem anderen gesetzlichen Gerichtsstand anzurufen, bleibt hiervon unber\u00fchrt.<\/p>\n<p>12.3. Die Bestimmungen des UN-Kaufrechts finden ausdr\u00fccklich keine Anwendung.[\/vc_column_text][\/vc_column][vc_column width=&#8220;1\/3&#8243; el_class=&#8220;max_w40&#8243;][\/vc_column][\/vc_row]<\/p>\n","protected":false},"excerpt":{"rendered":"<p>[vc_row type=&#8220;vc_default&#8220; full_width=&#8220;stretch_row&#8220; content_placement=&#8220;middle&#8220; parallax=&#8220;content-moving-fade&#8220; parallax_image=&#8220;3641&#8243; parallax_speed_bg=&#8220;6&#8243; el_class=&#8220;pad_t100 pad_b100&#8243;][vc_column][vc_column_text el_class=&#8220;reklame1 weiss&#8220;]Allgemeine Gesch\u00e4ftsbedingungen (AGB)[\/vc_column_text][\/vc_column][\/vc_row][vc_row type=&#8220;vc_default&#8220; equal_height=&#8220;yes&#8220; margin_bottom=&#8220;160&#8243; el_class=&#8220;pad_b10&#8243;][vc_column width=&#8220;2\/3&#8243;][vc_column_text] AGB\u00b4s Hochzeitsfotogafie &#8211; Schelke Fotografie &nbsp; 1. Geltungsbereich &nbsp; 1.1. F\u00fcr alle Gesch\u00e4ftsbeziehungen zwischen den Parteien gelten ausschlie\u00dflich die nachfolgenden AGB. Entgegenstehende Gesch\u00e4ftsbedingungen des jeweiligen Kunden, im Folgenden: Auftraggeber, gelten nicht, es sei denn die Fotografin Schelke&hellip;<\/p>\n","protected":false},"author":1,"featured_media":0,"parent":0,"menu_order":6,"comment_status":"closed","ping_status":"closed","template":"","meta":{"narrative_post_script":"","inline_featured_image":false},"_links":{"self":[{"href":"https:\/\/www.schelke-fotografie.de\/page\/wp-json\/wp\/v2\/pages\/25023"}],"collection":[{"href":"https:\/\/www.schelke-fotografie.de\/page\/wp-json\/wp\/v2\/pages"}],"about":[{"href":"https:\/\/www.schelke-fotografie.de\/page\/wp-json\/wp\/v2\/types\/page"}],"author":[{"embeddable":true,"href":"https:\/\/www.schelke-fotografie.de\/page\/wp-json\/wp\/v2\/users\/1"}],"replies":[{"embeddable":true,"href":"https:\/\/www.schelke-fotografie.de\/page\/wp-json\/wp\/v2\/comments?post=25023"}],"version-history":[{"count":6,"href":"https:\/\/www.schelke-fotografie.de\/page\/wp-json\/wp\/v2\/pages\/25023\/revisions"}],"predecessor-version":[{"id":25030,"href":"https:\/\/www.schelke-fotografie.de\/page\/wp-json\/wp\/v2\/pages\/25023\/revisions\/25030"}],"wp:attachment":[{"href":"https:\/\/www.schelke-fotografie.de\/page\/wp-json\/wp\/v2\/media?parent=25023"}],"curies":[{"name":"wp","href":"https:\/\/api.w.org\/{rel}","templated":true}]}}