{"id":8558,"date":"2021-07-23T13:02:57","date_gmt":"2021-07-23T11:02:57","guid":{"rendered":"http:\/\/www.schelke-fotografie.de\/page\/?page_id=8558"},"modified":"2021-10-06T13:52:03","modified_gmt":"2021-10-06T11:52:03","slug":"kontakt","status":"publish","type":"page","link":"https:\/\/www.schelke-fotografie.de\/page\/kontakt\/","title":{"rendered":"Kontakt"},"content":{"rendered":"<p>[vc_row type=&#8220;vc_default&#8220; full_width=&#8220;stretch_row&#8220; content_placement=&#8220;middle&#8220; parallax=&#8220;content-moving-fade&#8220; parallax_image=&#8220;24027&#8243; el_class=&#8220;pad_t150 pad_b150&#8243;][vc_column][\/vc_column][\/vc_row][vc_row type=&#8220;vc_default&#8220; equal_height=&#8220;yes&#8220; margin_bottom=&#8220;160&#8243; el_class=&#8220;pad_b10&#8243;][vc_column width=&#8220;1\/2&#8243;][vc_column_text el_class=&#8220;reklame1 weiss&#8220;]Schreib mir![\/vc_column_text][\/vc_column][vc_column width=&#8220;1\/2&#8243; el_class=&#8220;max_w40&#8243;][\/vc_column][\/vc_row][vc_row type=&#8220;vc_default&#8220; equal_height=&#8220;yes&#8220; margin_bottom=&#8220;160&#8243; el_class=&#8220;pad_b50&#8243;][vc_column width=&#8220;1\/2&#8243;][vc_column_text el_class=&#8220;max_w80&#8243;]Danke f\u00fcr dein Interesse.<br \/>\nSchreibe mir einfach \u00fcber das Kontaktformular, per Email oder melde dich telefonisch bei mir.<\/p>\n<p>Bis bald!<\/p>\n<p>Schelke Bonnetsm\u00fcller<br \/>\nSchelke Fotografie<\/p>\n<p>Office:<\/p>\n<p>Tierpark Studio<\/p>\n<p>Fraunbergstr. 11 &#8211; Innenhof<\/p>\n<p>81379 M\u00fcnchen<\/p>\n<p>Telefon\u2028 00 49 1 72 &#8211; 8 67 48 84<br \/>\nEmail: mail@schelke-fotografie.de[\/vc_column_text][vc_column_text el_class=&#8220;reklame1 weiss&#8220;]Kundenlogin[\/vc_column_text][vc_column_text el_class=&#8220;max_w80 pad_b0&#8243;]Bitte Zugangscode eingeben[\/vc_column_text][vc_raw_js]JTNDaW5wdXQlMjBpZCUzRCUyMnBkY2wtaW5wdXQlMjIlMjB0eXBlJTNEJTIydGV4dCUyMiUyMCUyRiUzRSUyMCUzQ2JyJTJGJTNFJTNDYnIlMkYlM0UlMEElM0NidXR0b24lMjBjbGFzcyUzRCUyMmRlZmF1bHQtYnRuLXNob3J0Y29kZSUyMGR0LWJ0biUyMGR0LWJ0bi1sJTIwbGluay1ob3Zlci1vZmYlMjBpbnZlcnRidXR0b24lMjBidG4taW5saW5lLWxlZnQlMjIlMjBpZCUzRCUyMnBkY2wtYnV0dG9uJTIyJTNFZWlubG9nZ2VuJTNDJTJGYnV0dG9uJTNFJTBBJTBBJTNDYnIlMkYlM0UlM0NiciUyRiUzRSUwQSUwQSUzQ3NwYW4lMjBpZCUzRCUyMnBkY2wtcmVzcG9uc2UlMjIlM0UlM0MlMkZzcGFuJTNFJTBBJTBBJTNDc2NyaXB0JTIwdHlwZSUzRCUyMnRleHQlMkZqYXZhc2NyaXB0JTIyJTNFJTBBJTBBJTIwJTIwJTIwalF1ZXJ5JTI4ZG9jdW1lbnQlMjkucmVhZHklMjhmdW5jdGlvbiUyOCUyNCUyOSUyMCUwQSUyMCUyMCUyMCUyMCU3QiUwQSUyMCUyMCUyMCUyMCUyMCUyMCUyMCUyMCUyNCUyOCUyNyUyM3BkY2wtYnV0dG9uJTI3JTI5Lm9uJTI4JTI3Y2xpY2slMjclMkMlMjBmdW5jdGlvbiUyOCUyOSUwQSUyMCUyMCUyMCUyMCUyMCUyMCUyMCUyMCU3QiUwQSUyMCUyMCUyMCUyMCUyMCUyMCUyMCUyMCUyMCUyMCUyMCUyMHZhciUyMG9uQ29tcGxldGUlMjAlM0QlMjBmdW5jdGlvbiUyOHJlc3BvbnNlJTI5JTBBJTIwJTIwJTIwJTIwJTIwJTIwJTIwJTIwJTIwJTIwJTIwJTIwJTdCJTBBJTIwJTIwJTIwJTIwJTIwJTIwJTIwJTIwJTIwJTIwJTIwJTIwJTIwJTIwJTIwJTIwaWYlMjhyZXNwb25zZS5jbGllbnRfdXJsJTI5JTBBJTIwJTIwJTIwJTIwJTIwJTIwJTIwJTIwJTIwJTIwJTIwJTIwJTIwJTIwJTIwJTIwJTdCJTBBJTIwJTIwJTIwJTIwJTIwJTIwJTIwJTIwJTIwJTIwJTIwJTIwJTIwJTIwJTIwJTIwJTIwJTIwJTIwJTIwJTJGJTJGJTIwbmF2aWdhdGUlMjB0byUyMGdpdmVuJTIwY2xpZW50JTIwVVJMJTBBJTIwJTIwJTIwJTIwJTIwJTIwJTIwJTIwJTIwJTIwJTIwJTIwJTIwJTIwJTIwJTIwJTIwJTIwJTIwJTIwd2luZG93LmxvY2F0aW9uLmhyZWYlMjAlM0QlMjByZXNwb25zZS5jbGllbnRfdXJsJTNCJTBBJTIwJTIwJTIwJTIwJTIwJTIwJTIwJTIwJTIwJTIwJTIwJTIwJTIwJTIwJTIwJTIwJTdEJTBBJTIwJTIwJTIwJTIwJTIwJTIwJTIwJTIwJTIwJTIwJTIwJTIwJTIwJTIwJTIwJTIwZWxzZSUyMGlmJTI4cmVzcG9uc2UuZXJyb3IlMjklMEElMjAlMjAlMjAlMjAlMjAlMjAlMjAlMjAlMjAlMjAlMjAlMjAlMjAlMjAlMjAlMjAlN0IlMEElMjAlMjAlMjAlMjAlMjAlMjAlMjAlMjAlMjAlMjAlMjAlMjAlMjAlMjAlMjAlMjAlMjAlMjAlMjAlMjAlMkYlMkYlMjBzaG93JTIwZXJyb3IlMjBvciUyMGVsc2UlMEElMjAlMjAlMjAlMjAlMjAlMjAlMjAlMjAlMjAlMjAlMjAlMjAlMjAlMjAlMjAlMjAlMjAlMjAlMjAlMjAlMjQlMjglMjclMjNwZGNsLXJlc3BvbnNlJTI3JTI5LnRleHQlMjhyZXNwb25zZS5lcnJvci5tZXNzYWdlJTI5JTNCJTBBJTIwJTIwJTIwJTIwJTIwJTIwJTIwJTIwJTIwJTIwJTIwJTIwJTIwJTIwJTIwJTIwJTdEJTBBJTIwJTIwJTIwJTIwJTIwJTIwJTIwJTIwJTIwJTIwJTIwJTIwJTdEJTNCJTBBJTBBJTIwJTIwJTIwJTIwJTIwJTIwJTIwJTIwJTIwJTIwJTIwJTIwJTI0LmFqYXglMjglMEElMjAlMjAlMjAlMjAlMjAlMjAlMjAlMjAlMjAlMjAlMjAlMjAlMjAlMjAlMjAlMjAlN0IlMEElMjAlMjAlMjAlMjAlMjAlMjAlMjAlMjAlMjAlMjAlMjAlMjAlMjAlMjAlMjAlMjAlMjAlMjAlMjAlMjB1cmwlM0ElMjAlMjAlMjAlMjAlMjAlMjAlMjAlMjAlMjAlMjAlMjAlMjAlMjdodHRwcyUzQSUyRiUyRnd3dy5waWNkcm9wLmNvbSUyRmFwaSUyRmFscGhhJTJGY2xpZW50bG9naW4lMjclMkMlMEElMjAlMjAlMjAlMjAlMjAlMjAlMjAlMjAlMjAlMjAlMjAlMjAlMjAlMjAlMjAlMjAlMjAlMjAlMjAlMjB0eXBlJTNBJTIwJTIwJTIwJTIwJTIwJTIwJTIwJTIwJTIwJTIwJTIwJTI3UE9TVCUyNyUyQyUwQSUyMCUyMCUyMCUyMCUyMCUyMCUyMCUyMCUyMCUyMCUyMCUyMCUyMCUyMCUyMCUyMCUyMCUyMCUyMCUyMGRhdGElM0ElMjAlMjAlMjAlMjAlMjAlMjAlMjAlMjAlMjAlMjAlMjBKU09OLnN0cmluZ2lmeSUyOCU3QiUyN2RvbWFpbl91dWlkJTI3JTNBJTI3NGM1YTM4YjRlNzVmMzI3NzI1YWI4MjVkYWVlNWUzNzklMjclMkMlMjAlMjdjbGllbnRfa2V5JTI3JTNBJTI0JTI4JTI3JTIzcGRjbC1pbnB1dCUyNyUyOS52YWwlMjglMjklN0QlMjklMkMlMEElMjAlMjAlMjAlMjAlMjAlMjAlMjAlMjAlMjAlMjAlMjAlMjAlMjAlMjAlMjAlMjAlMjAlMjAlMjAlMjBjb250ZW50VHlwZSUzQSUyMCUyMCUyMCUyMCUyN3RleHQlMkZwbGFpbiUzQiUyMGNoYXJzZXQlM0RVVEYtOCUyNyUyQyUwQSUyMCUyMCUyMCUyMCUyMCUyMCUyMCUyMCUyMCUyMCUyMCUyMCUyMCUyMCUyMCUyMCUyMCUyMCUyMCUyMGRhdGFUeXBlJTNBJTIwJTIwJTIwJTIwJTIwJTIwJTIwJTI3anNvbiUyNyUyQyUwQSUyMCUyMCUyMCUyMCUyMCUyMCUyMCUyMCUyMCUyMCUyMCUyMCUyMCUyMCUyMCUyMCUyMCUyMCUyMCUyMHN1Y2Nlc3MlM0ElMjAlMjAlMjAlMjAlMjAlMjAlMjAlMjBvbkNvbXBsZXRlJTBBJTIwJTIwJTIwJTIwJTIwJTIwJTIwJTIwJTIwJTIwJTIwJTIwJTIwJTIwJTIwJTIwJTdEJTBBJTIwJTIwJTIwJTIwJTIwJTIwJTIwJTIwJTIwJTIwJTIwJTIwJTI5JTNCJTBBJTIwJTIwJTIwJTIwJTIwJTIwJTIwJTIwJTdEJTI5JTNCJTBBJTIwJTIwJTIwJTIwJTdEJTI5JTNCJTBBJTBBJTNDJTJGc2NyaXB0JTNF[\/vc_raw_js][\/vc_column][vc_column width=&#8220;1\/2&#8243; el_class=&#8220;max_w40&#8243;]<form class=\"dt-contact-form dt-form privacy-form\" method=\"post\"><input type=\"hidden\" name=\"widget_id\" value=\"presscore-contact-form-widget--1\" \/><input type=\"hidden\" name=\"send_message\" value=\"\" \/><input type=\"hidden\" name=\"security_token\" value=\"f83b3856e4f84694d05f\"\/><div class=\"form-fields\"><span class=\"form-name\"><label class=\"assistive-text\">Name *<\/label><input type=\"text\" class=\"validate[required]\" placeholder=\"Name *\" name=\"name\" value=\"\" aria-required=\"true\">\n<\/span><span class=\"form-mail\"><label class=\"assistive-text\">E-Mail *<\/label><input type=\"text\" class=\"validate[required,custom[email]]\" placeholder=\"E-Mail *\" name=\"email\" value=\"\" aria-required=\"true\">\n<\/span><\/div><span class=\"form-message\"><label class=\"assistive-text\">Nachricht *<\/label><textarea class=\"validate[required]\" placeholder=\"Nachricht *\" name=\"message\" rows=\"6\" aria-required=\"true\"><\/textarea>\n<\/span><p class=\"the7-form-terms-wrap\"><input type=\"checkbox\" id=\"the7-form-terms-74bba22728b6185eec06286af6bec36d\" name=\"terms\" class=\"validate[required] the7-form-terms\" aria-required=\"true\" \/>&nbsp;<label for=\"the7-form-terms-74bba22728b6185eec06286af6bec36d\"><span class=\"form-terms-text\">Ich habe die Datenschutzerkl\u00e4rung zur Kenntnis genommen. Ich stimme zu, dass meine Angaben und Daten zur Beantwortung meiner Anfrage elektronisch erhoben und gespeichert werden. Die Angaben und Daten werden nicht an Dritte weitergegeben.\n<\/span><\/label><\/p><p><a href=\"#\" class=\"dt-btn dt-btn-m dt-btn-submit\" rel=\"nofollow\"><span>Senden<\/span><\/a><input class=\"assistive-text\" type=\"submit\" value=\"absenden\"><\/p><\/form>\n[\/vc_column][\/vc_row][vc_row][vc_column][vc_column_text el_class=&#8220;reklame1 weiss&#8220;]Instagram[\/vc_column_text][vc_raw_html]JTVCaW5zdGFncmFtJTIwZmVlZCUzRCUyMjM3NTElMjIlNUQ=[\/vc_raw_html][\/vc_column][\/vc_row]<\/p>\n","protected":false},"excerpt":{"rendered":"<p>[vc_row type=&#8220;vc_default&#8220; full_width=&#8220;stretch_row&#8220; content_placement=&#8220;middle&#8220; parallax=&#8220;content-moving-fade&#8220; parallax_image=&#8220;24027&#8243; el_class=&#8220;pad_t150 pad_b150&#8243;][vc_column][\/vc_column][\/vc_row][vc_row type=&#8220;vc_default&#8220; equal_height=&#8220;yes&#8220; margin_bottom=&#8220;160&#8243; el_class=&#8220;pad_b10&#8243;][vc_column width=&#8220;1\/2&#8243;][vc_column_text el_class=&#8220;reklame1 weiss&#8220;]Schreib mir![\/vc_column_text][\/vc_column][vc_column width=&#8220;1\/2&#8243; el_class=&#8220;max_w40&#8243;][\/vc_column][\/vc_row][vc_row type=&#8220;vc_default&#8220; equal_height=&#8220;yes&#8220; margin_bottom=&#8220;160&#8243; el_class=&#8220;pad_b50&#8243;][vc_column width=&#8220;1\/2&#8243;][vc_column_text el_class=&#8220;max_w80&#8243;]Danke f\u00fcr dein Interesse. Schreibe mir einfach \u00fcber das Kontaktformular, per Email oder melde dich telefonisch bei mir. Bis bald! Schelke Bonnetsm\u00fcller Schelke Fotografie Office: Tierpark Studio Fraunbergstr. 11 &#8211; Innenhof 81379&hellip;<\/p>\n","protected":false},"author":1,"featured_media":0,"parent":0,"menu_order":8,"comment_status":"closed","ping_status":"closed","template":"","meta":{"narrative_post_script":"","inline_featured_image":false},"_links":{"self":[{"href":"https:\/\/www.schelke-fotografie.de\/page\/wp-json\/wp\/v2\/pages\/8558"}],"collection":[{"href":"https:\/\/www.schelke-fotografie.de\/page\/wp-json\/wp\/v2\/pages"}],"about":[{"href":"https:\/\/www.schelke-fotografie.de\/page\/wp-json\/wp\/v2\/types\/page"}],"author":[{"embeddable":true,"href":"https:\/\/www.schelke-fotografie.de\/page\/wp-json\/wp\/v2\/users\/1"}],"replies":[{"embeddable":true,"href":"https:\/\/www.schelke-fotografie.de\/page\/wp-json\/wp\/v2\/comments?post=8558"}],"version-history":[{"count":86,"href":"https:\/\/www.schelke-fotografie.de\/page\/wp-json\/wp\/v2\/pages\/8558\/revisions"}],"predecessor-version":[{"id":25000,"href":"https:\/\/www.schelke-fotografie.de\/page\/wp-json\/wp\/v2\/pages\/8558\/revisions\/25000"}],"wp:attachment":[{"href":"https:\/\/www.schelke-fotografie.de\/page\/wp-json\/wp\/v2\/media?parent=8558"}],"curies":[{"name":"wp","href":"https:\/\/api.w.org\/{rel}","templated":true}]}}